{"id":31,"date":"2009-07-08T20:14:56","date_gmt":"2009-07-08T18:14:56","guid":{"rendered":"http:\/\/www.cdcaverock.es\/nueva\/?page_id=31"},"modified":"2015-02-22T04:31:18","modified_gmt":"2015-02-22T10:31:18","slug":"el-rocodromo","status":"publish","type":"page","link":"https:\/\/www.cdcaverock.es\/?page_id=31","title":{"rendered":"El roc\u00f3dromo"},"content":{"rendered":"<p><span class=\"bodyText\">El roc\u00f3dromo cuenta con m\u00e1s de 3000 presas, repartidas en cerca de 250 metros cuadrados de tablones con distintas inclinaciones ( desplomes y techo) y por supuesto el piso del local est\u00e1 protegido por varias colchonetas de gran espesor. Tambi\u00e9n disponemos de 2 campus board, 2 tablas multipresas, barra dominadas y peque\u00f1o banco de pesas.<br \/>\n<\/span><\/p>\n<p><a href=\"https:\/\/www.cdcaverock.es\/fotos\/2010\/08\/IMG_0019-e1283307433352.jpg\"><img loading=\"lazy\" decoding=\"async\" class=\"aligncenter wp-image-329 size-medium\" src=\"https:\/\/www.cdcaverock.es\/fotos\/2010\/08\/IMG_0019-300x200.jpg\" alt=\"CD Caverock\" width=\"300\" height=\"200\" \/><\/a><\/p>\n<p><span class=\"bodyText\"><strong>Localizacion: <\/strong>Calle Tamarco N\u00ba13 (Local) &#8211; San Cristobal de La Laguna &#8211; Santa Cruz de Tenerife.<\/span><br \/>\n<iframe loading=\"lazy\" style=\"border: 0;\" src=\"https:\/\/www.google.com\/maps\/embed?pb=!1m14!1m8!1m3!1d3506.773835241016!2d-16.326833000000004!3d28.486356999999998!3m2!1i1024!2i768!4f13.1!3m3!1m2!1s0xc41cd94e9901bfd%3A0x14bdc66e004de437!2sClub+Deportivo+Caverock!5e0!3m2!1ses!2ses!4v1424600759348\" width=\"400\" height=\"300\" frameborder=\"0\"><\/iframe><\/p>\n","protected":false},"excerpt":{"rendered":"<p>El roc\u00f3dromo cuenta con m\u00e1s de 3000 presas, repartidas en cerca de 250 metros cuadrados de tablones con distintas inclinaciones ( desplomes y techo) y por supuesto el piso del local est\u00e1 protegido por varias colchonetas de gran espesor. Tambi\u00e9n disponemos de 2 campus board, 2 tablas multipresas, barra dominadas y peque\u00f1o banco de pesas. [&hellip;]<\/p>\n","protected":false},"author":1,"featured_media":0,"parent":0,"menu_order":0,"comment_status":"closed","ping_status":"open","template":"","meta":{"footnotes":""},"class_list":["post-31","page","type-page","status-publish","hentry"],"_links":{"self":[{"href":"https:\/\/www.cdcaverock.es\/index.php?rest_route=\/wp\/v2\/pages\/31","targetHints":{"allow":["GET"]}}],"collection":[{"href":"https:\/\/www.cdcaverock.es\/index.php?rest_route=\/wp\/v2\/pages"}],"about":[{"href":"https:\/\/www.cdcaverock.es\/index.php?rest_route=\/wp\/v2\/types\/page"}],"author":[{"embeddable":true,"href":"https:\/\/www.cdcaverock.es\/index.php?rest_route=\/wp\/v2\/users\/1"}],"replies":[{"embeddable":true,"href":"https:\/\/www.cdcaverock.es\/index.php?rest_route=%2Fwp%2Fv2%2Fcomments&post=31"}],"version-history":[{"count":20,"href":"https:\/\/www.cdcaverock.es\/index.php?rest_route=\/wp\/v2\/pages\/31\/revisions"}],"predecessor-version":[{"id":1648,"href":"https:\/\/www.cdcaverock.es\/index.php?rest_route=\/wp\/v2\/pages\/31\/revisions\/1648"}],"wp:attachment":[{"href":"https:\/\/www.cdcaverock.es\/index.php?rest_route=%2Fwp%2Fv2%2Fmedia&parent=31"}],"curies":[{"name":"wp","href":"https:\/\/api.w.org\/{rel}","templated":true}]}}