{"id":28,"date":"2009-07-08T19:52:20","date_gmt":"2009-07-08T17:52:20","guid":{"rendered":"http:\/\/www.cdcaverock.es\/nueva\/?page_id=28"},"modified":"2009-07-08T20:29:07","modified_gmt":"2009-07-08T18:29:07","slug":"%c2%a1bienvenidos","status":"publish","type":"page","link":"https:\/\/www.cdcaverock.es\/?page_id=28","title":{"rendered":"\u00a1Bienvenidos!"},"content":{"rendered":"<p class=\"bodyText\">Bienvenidos a la recientemente inaugurada p\u00e1gina web del Club de escalada deportiva <strong>Cave Rock<\/strong>.<\/p>\n<p class=\"bodyText\">Esta p\u00e1gina pretende ser un punto de reuni\u00f3n para todas aquellas personas amantes de la escalada, la naturaleza y los deportes al aire libre. Adem\u00e1s, la web da a conocer el club, sus actividades asociadas, sus instalaciones, etc&#8230;<\/p>\n<p class=\"bodyText\">Finalmente, esta web ser\u00e1 el soporte de noticias, anuncios y publicaciones relacionadas con el mundo de la escalada. Muchos art\u00edculos publicados servir\u00e1n para <strong>concienciar<\/strong> y <strong>ense\u00f1ar<\/strong> a aquellos que empiecen a practicar este apasionante deporte.<\/p>\n<p class=\"bodyText\" style=\"text-align: center;\"><img loading=\"lazy\" decoding=\"async\" class=\"aligncenter\" src=\"https:\/\/www.cdcaverock.es\/fotos\/intro2.jpg\" alt=\"\" width=\"500\" height=\"200\" \/><\/p>\n<p class=\"bodyText\">Pasa y \u00a1disfruta!<\/p>\n","protected":false},"excerpt":{"rendered":"<p>Bienvenidos a la recientemente inaugurada p\u00e1gina web del Club de escalada deportiva Cave Rock. Esta p\u00e1gina pretende ser un punto de reuni\u00f3n para todas aquellas personas amantes de la escalada, la naturaleza y los deportes al aire libre. Adem\u00e1s, la web da a conocer el club, sus actividades asociadas, sus instalaciones, etc&#8230; Finalmente, esta web [&hellip;]<\/p>\n","protected":false},"author":1,"featured_media":0,"parent":0,"menu_order":1,"comment_status":"closed","ping_status":"open","template":"","meta":{"footnotes":""},"class_list":["post-28","page","type-page","status-publish","hentry"],"_links":{"self":[{"href":"https:\/\/www.cdcaverock.es\/index.php?rest_route=\/wp\/v2\/pages\/28","targetHints":{"allow":["GET"]}}],"collection":[{"href":"https:\/\/www.cdcaverock.es\/index.php?rest_route=\/wp\/v2\/pages"}],"about":[{"href":"https:\/\/www.cdcaverock.es\/index.php?rest_route=\/wp\/v2\/types\/page"}],"author":[{"embeddable":true,"href":"https:\/\/www.cdcaverock.es\/index.php?rest_route=\/wp\/v2\/users\/1"}],"replies":[{"embeddable":true,"href":"https:\/\/www.cdcaverock.es\/index.php?rest_route=%2Fwp%2Fv2%2Fcomments&post=28"}],"version-history":[{"count":4,"href":"https:\/\/www.cdcaverock.es\/index.php?rest_route=\/wp\/v2\/pages\/28\/revisions"}],"predecessor-version":[{"id":146,"href":"https:\/\/www.cdcaverock.es\/index.php?rest_route=\/wp\/v2\/pages\/28\/revisions\/146"}],"wp:attachment":[{"href":"https:\/\/www.cdcaverock.es\/index.php?rest_route=%2Fwp%2Fv2%2Fmedia&parent=28"}],"curies":[{"name":"wp","href":"https:\/\/api.w.org\/{rel}","templated":true}]}}